{"id":11499,"date":"2016-06-21T21:56:15","date_gmt":"2016-06-21T21:56:15","guid":{"rendered":"http:\/\/www.generaciontempore.com\/?page_id=11499"},"modified":"2016-07-26T08:49:32","modified_gmt":"2016-07-26T08:49:32","slug":"generacion","status":"publish","type":"page","link":"https:\/\/www.generaciontempore.com\/es\/generacion\/","title":{"rendered":"Generaci\u00f3n"},"content":{"rendered":"<p>[vc_row el_class=\u00bbour-wines\u00bb][vc_column][vc_custom_heading text=\u00bbGENERACI\u00d3N\u00bb font_container=\u00bbtag:h2|font_size:32|text_align:center|color:%23212120&#8243; use_theme_fonts=\u00bbyes\u00bb css=\u00bb.vc_custom_1467791780133{background-image: url(http:\/\/www.generaciontempore.com\/wp-content\/uploads\/2016\/06\/subtitle-1.png?id=11466) !important;}\u00bb][vc_column_text]<\/p>\n<div class=\"wpb_text_column wpb_content_element \">\n<div class=\"wpb_wrapper\">\n<h2 class=\"generation-feat\">Una familia, cuatro generaciones, y un nuevo concepto de vino.<\/h2>\n<\/div>\n<\/div>\n<p>[\/vc_column_text][\/vc_column][\/vc_row][vc_row el_class=\u00bbwh-generacion\u00bb][vc_column][vc_row_inner content_placement=\u00bbtop\u00bb el_class=\u00bbcontainer\u00bb][vc_column_inner width=\u00bb1\/2&#8243;][vc_column_text]<\/p>\n<div class=\"wpb_text_column wpb_content_element \">\n<div class=\"wpb_wrapper\">\n<h4>\u00bfQu\u00e9 es GENERACI\u00d3N?<\/h4>\n<p>GENERACI\u00d3N es romper con lo que nos ense\u00f1aron. Es la capacidad de fusionar la inmensidad de lo vivido durante cuatro generaciones en una copa de vino.<\/p>\n<p>Es la sensaci\u00f3n de v\u00e9rtigo que te eleva cuando te dejas llevar por el coraz\u00f3n.<\/p>\n<h4>\u00bfPor qu\u00e9 ahora?<\/h4>\n<p>Ha llegado el momento, estamos preparados.<\/p>\n<p>Hemos aprendido por el camino y buscando el norte, encontramos nuevas direcciones\u2026 y ahora es el momento de presentar una nueva GENERACI\u00d3N de vinos, la mejor versi\u00f3n de nosotros mismos.<\/p>\n<\/div>\n<\/div>\n<p>[\/vc_column_text][\/vc_column_inner][vc_column_inner width=\u00bb1\/2&#8243;][vc_column_text]<\/p>\n<div class=\"wpb_text_column wpb_content_element \">\n<div class=\"wpb_wrapper\">\n<h4>\u00bfPor qu\u00e9 es diferente GENERACI\u00d3N?<\/h4>\n<p>Romper las reglas es nuestra actitud, cuestionarlo todo y volver al principio. En el vi\u00f1edo, en la bodega, sin artificios, sin convencionalismos. S\u00f3lo la esencia de nuestras cepas y de nuestras vidas. Es la combinaci\u00f3n perfecta de pasi\u00f3n y metodolog\u00eda para lograr un fin: el \u00e9xito.<\/p>\n<h4>\u00bfPara qui\u00e9n?<\/h4>\n<p>GENERACI\u00d3N es para so\u00f1adores, para viajeros del tiempo, para aquellos que miran fijamente a los ojos y para los<br \/>\nosados, sin miedo a sentir..<\/p><\/div>\n<\/div>\n<p>[\/vc_column_text][\/vc_column_inner][\/vc_row_inner][\/vc_column][\/vc_row]<\/p>\n","protected":false},"excerpt":{"rendered":"<p>[vc_row el_class=\u00bbour-wines\u00bb][vc_column][vc_custom_heading text=\u00bbGENERACI\u00d3N\u00bb font_container=\u00bbtag:h2|font_size:32|text_align:center|color:%23212120&#8243; use_theme_fonts=\u00bbyes\u00bb css=\u00bb.vc_custom_1467791780133{background-image: url(http:\/\/www.generaciontempore.com\/wp-content\/uploads\/2016\/06\/subtitle-1.png?id=11466) !important;}\u00bb][vc_column_text] Una familia, cuatro generaciones, y un nuevo concepto de vino. [\/vc_column_text][\/vc_column][\/vc_row][vc_row el_class=\u00bbwh-generacion\u00bb][vc_column][vc_row_inner&#8230;<\/p>\n","protected":false},"author":1,"featured_media":0,"parent":0,"menu_order":0,"comment_status":"closed","ping_status":"closed","template":"","meta":{"footnotes":""},"yoast_head":"<!-- This site is optimized with the Yoast SEO plugin v23.1 - https:\/\/yoast.com\/wordpress\/plugins\/seo\/ -->\n<title>GENERACI\u00d3N: Una familia, cuatro generaciones, y un nuevo vino.<\/title>\n<meta name=\"description\" content=\"Bodegas Tempore ha lanzado un nuevo vino tinto ecol\u00f3gico: Generaci\u00f3n, la capacidad de mezclar los conocimientos adquiridos de cuatro generaciones.\" \/>\n<meta name=\"robots\" content=\"index, follow, max-snippet:-1, max-image-preview:large, max-video-preview:-1\" \/>\n<link rel=\"canonical\" href=\"https:\/\/www.generaciontempore.com\/es\/generacion\/\" \/>\n<meta property=\"og:locale\" content=\"es_ES\" \/>\n<meta property=\"og:type\" content=\"article\" \/>\n<meta property=\"og:title\" content=\"GENERACI\u00d3N: Una familia, cuatro generaciones, y un nuevo vino.\" \/>\n<meta property=\"og:description\" content=\"Bodegas Tempore ha lanzado un nuevo vino tinto ecol\u00f3gico: Generaci\u00f3n, la capacidad de mezclar los conocimientos adquiridos de cuatro generaciones.\" \/>\n<meta property=\"og:url\" content=\"https:\/\/www.generaciontempore.com\/es\/generacion\/\" \/>\n<meta property=\"og:site_name\" content=\"G.Tempore ES\" \/>\n<meta property=\"article:modified_time\" content=\"2016-07-26T08:49:32+00:00\" \/>\n<meta name=\"twitter:card\" content=\"summary_large_image\" \/>\n<meta name=\"twitter:label1\" content=\"Tiempo de lectura\" \/>\n\t<meta name=\"twitter:data1\" content=\"1 minuto\" \/>\n<script type=\"application\/ld+json\" class=\"yoast-schema-graph\">{\"@context\":\"https:\/\/schema.org\",\"@graph\":[{\"@type\":\"WebPage\",\"@id\":\"https:\/\/www.generaciontempore.com\/es\/generacion\/\",\"url\":\"https:\/\/www.generaciontempore.com\/es\/generacion\/\",\"name\":\"GENERACI\u00d3N: Una familia, cuatro generaciones, y un nuevo vino.\",\"isPartOf\":{\"@id\":\"https:\/\/www.generaciontempore.com\/es\/#website\"},\"datePublished\":\"2016-06-21T21:56:15+00:00\",\"dateModified\":\"2016-07-26T08:49:32+00:00\",\"description\":\"Bodegas Tempore ha lanzado un nuevo vino tinto ecol\u00f3gico: Generaci\u00f3n, la capacidad de mezclar los conocimientos adquiridos de cuatro generaciones.\",\"breadcrumb\":{\"@id\":\"https:\/\/www.generaciontempore.com\/es\/generacion\/#breadcrumb\"},\"inLanguage\":\"es\",\"potentialAction\":[{\"@type\":\"ReadAction\",\"target\":[\"https:\/\/www.generaciontempore.com\/es\/generacion\/\"]}]},{\"@type\":\"BreadcrumbList\",\"@id\":\"https:\/\/www.generaciontempore.com\/es\/generacion\/#breadcrumb\",\"itemListElement\":[{\"@type\":\"ListItem\",\"position\":1,\"name\":\"Portada\",\"item\":\"https:\/\/www.generaciontempore.com\/es\/\"},{\"@type\":\"ListItem\",\"position\":2,\"name\":\"Generaci\u00f3n\"}]},{\"@type\":\"WebSite\",\"@id\":\"https:\/\/www.generaciontempore.com\/es\/#website\",\"url\":\"https:\/\/www.generaciontempore.com\/es\/\",\"name\":\"G.Tempore ES\",\"description\":\"G.Tempore ES\",\"potentialAction\":[{\"@type\":\"SearchAction\",\"target\":{\"@type\":\"EntryPoint\",\"urlTemplate\":\"https:\/\/www.generaciontempore.com\/es\/?s={search_term_string}\"},\"query-input\":\"required name=search_term_string\"}],\"inLanguage\":\"es\"}]}<\/script>\n<!-- \/ Yoast SEO plugin. -->","yoast_head_json":{"title":"GENERACI\u00d3N: Una familia, cuatro generaciones, y un nuevo vino.","description":"Bodegas Tempore ha lanzado un nuevo vino tinto ecol\u00f3gico: Generaci\u00f3n, la capacidad de mezclar los conocimientos adquiridos de cuatro generaciones.","robots":{"index":"index","follow":"follow","max-snippet":"max-snippet:-1","max-image-preview":"max-image-preview:large","max-video-preview":"max-video-preview:-1"},"canonical":"https:\/\/www.generaciontempore.com\/es\/generacion\/","og_locale":"es_ES","og_type":"article","og_title":"GENERACI\u00d3N: Una familia, cuatro generaciones, y un nuevo vino.","og_description":"Bodegas Tempore ha lanzado un nuevo vino tinto ecol\u00f3gico: Generaci\u00f3n, la capacidad de mezclar los conocimientos adquiridos de cuatro generaciones.","og_url":"https:\/\/www.generaciontempore.com\/es\/generacion\/","og_site_name":"G.Tempore ES","article_modified_time":"2016-07-26T08:49:32+00:00","twitter_card":"summary_large_image","twitter_misc":{"Tiempo de lectura":"1 minuto"},"schema":{"@context":"https:\/\/schema.org","@graph":[{"@type":"WebPage","@id":"https:\/\/www.generaciontempore.com\/es\/generacion\/","url":"https:\/\/www.generaciontempore.com\/es\/generacion\/","name":"GENERACI\u00d3N: Una familia, cuatro generaciones, y un nuevo vino.","isPartOf":{"@id":"https:\/\/www.generaciontempore.com\/es\/#website"},"datePublished":"2016-06-21T21:56:15+00:00","dateModified":"2016-07-26T08:49:32+00:00","description":"Bodegas Tempore ha lanzado un nuevo vino tinto ecol\u00f3gico: Generaci\u00f3n, la capacidad de mezclar los conocimientos adquiridos de cuatro generaciones.","breadcrumb":{"@id":"https:\/\/www.generaciontempore.com\/es\/generacion\/#breadcrumb"},"inLanguage":"es","potentialAction":[{"@type":"ReadAction","target":["https:\/\/www.generaciontempore.com\/es\/generacion\/"]}]},{"@type":"BreadcrumbList","@id":"https:\/\/www.generaciontempore.com\/es\/generacion\/#breadcrumb","itemListElement":[{"@type":"ListItem","position":1,"name":"Portada","item":"https:\/\/www.generaciontempore.com\/es\/"},{"@type":"ListItem","position":2,"name":"Generaci\u00f3n"}]},{"@type":"WebSite","@id":"https:\/\/www.generaciontempore.com\/es\/#website","url":"https:\/\/www.generaciontempore.com\/es\/","name":"G.Tempore ES","description":"G.Tempore ES","potentialAction":[{"@type":"SearchAction","target":{"@type":"EntryPoint","urlTemplate":"https:\/\/www.generaciontempore.com\/es\/?s={search_term_string}"},"query-input":"required name=search_term_string"}],"inLanguage":"es"}]}},"_links":{"self":[{"href":"https:\/\/www.generaciontempore.com\/es\/wp-json\/wp\/v2\/pages\/11499"}],"collection":[{"href":"https:\/\/www.generaciontempore.com\/es\/wp-json\/wp\/v2\/pages"}],"about":[{"href":"https:\/\/www.generaciontempore.com\/es\/wp-json\/wp\/v2\/types\/page"}],"author":[{"embeddable":true,"href":"https:\/\/www.generaciontempore.com\/es\/wp-json\/wp\/v2\/users\/1"}],"replies":[{"embeddable":true,"href":"https:\/\/www.generaciontempore.com\/es\/wp-json\/wp\/v2\/comments?post=11499"}],"version-history":[{"count":5,"href":"https:\/\/www.generaciontempore.com\/es\/wp-json\/wp\/v2\/pages\/11499\/revisions"}],"predecessor-version":[{"id":12219,"href":"https:\/\/www.generaciontempore.com\/es\/wp-json\/wp\/v2\/pages\/11499\/revisions\/12219"}],"wp:attachment":[{"href":"https:\/\/www.generaciontempore.com\/es\/wp-json\/wp\/v2\/media?parent=11499"}],"curies":[{"name":"wp","href":"https:\/\/api.w.org\/{rel}","templated":true}]}}