{"id":11519,"date":"2016-06-21T22:09:05","date_gmt":"2016-06-21T22:09:05","guid":{"rendered":"http:\/\/www.generaciontempore.com\/?page_id=11519"},"modified":"2017-03-21T13:14:12","modified_gmt":"2017-03-21T13:14:12","slug":"marketing-y-prensa","status":"publish","type":"page","link":"https:\/\/www.generaciontempore.com\/es\/marketing-y-prensa\/","title":{"rendered":"Marketing y Prensa"},"content":{"rendered":"<p>[vc_row][vc_column][vc_custom_heading text=\u00bbMarketing y Prensa\u00bb font_container=\u00bbtag:h1|font_size:36|text_align:center|color:%23212120&#8243; use_theme_fonts=\u00bbyes\u00bb][\/vc_column][\/vc_row][vc_row el_class=\u00bbtrade-press\u00bb][vc_column][vc_row_inner][vc_column_inner width=\u00bb1\/4&#8243;][vc_single_image image=\u00bb12283&#8243; img_size=\u00bb400&#215;283&#8243; alignment=\u00bbcenter\u00bb onclick=\u00bbcustom_link\u00bb img_link_target=\u00bb_blank\u00bb title=\u00bbDossier GENERACI\u00d3N\u00bb el_class=\u00bbtrade-block\u00bb]<a class=\"sc-button \"  href=\"http:\/\/www.generaciontempore.com\/es\/wp-content\/uploads\/sites\/3\/2017\/03\/Dossier-GENERACION-Vino-Tinto-Ecologico-2017.pdf\" target=\"_blank\" style=\"\">Descargar<\/a>[\/vc_column_inner][vc_column_inner width=\u00bb1\/4&#8243;][vc_single_image image=\u00bb12156&#8243; img_size=\u00bb400&#215;283&#8243; alignment=\u00bbcenter\u00bb onclick=\u00bbcustom_link\u00bb img_link_target=\u00bb_blank\u00bb title=\u00bbIm\u00e1genes botellas\u00bb el_class=\u00bbtrade-block\u00bb]<a class=\"sc-button \"  href=\"http:\/\/www.generaciontempore.com\/wp-content\/themes\/scalia-zaro-child\/es-docs\/Botellas-GENERACION-Vino-Tinto-Ecologico.zip\" target=\"_blank\" style=\"\">Descargar<\/a>[\/vc_column_inner][vc_column_inner width=\u00bb1\/4&#8243;][vc_single_image image=\u00bb12324&#8243; img_size=\u00bb400&#215;283&#8243; alignment=\u00bbcenter\u00bb onclick=\u00bbcustom_link\u00bb img_link_target=\u00bb_blank\u00bb title=\u00bbFicha t\u00e9cnica\u00bb el_class=\u00bbtrade-block\u00bb]<a class=\"sc-button \"  href=\"http:\/\/www.generaciontempore.com\/es\/wp-content\/uploads\/sites\/3\/2017\/03\/Ficha-Tecnica-GENERACION-Vino-Tinto-Ecologico-2017.pdf\" target=\"_blank\" style=\"\">Descargar<\/a>[\/vc_column_inner][vc_column_inner width=\u00bb1\/4&#8243;][vc_single_image image=\u00bb12158&#8243; img_size=\u00bb400&#215;283&#8243; alignment=\u00bbcenter\u00bb onclick=\u00bbcustom_link\u00bb img_link_target=\u00bb_blank\u00bb title=\u00bbPremios\u00bb el_class=\u00bbtrade-block\u00bb]<a class=\"sc-button \"  href=\"http:\/\/www.generaciontempore.com\/wp-content\/themes\/scalia-zaro-child\/es-docs\/GENERACION-Vino-Tinto-Ecologico-Premios.zip\" target=\"_blank\" style=\"\">Descargar<\/a>[\/vc_column_inner][\/vc_row_inner][vc_row_inner el_class=\u00bbvideo\u00bb][vc_column_inner width=\u00bb1\/4&#8243;][\/vc_column_inner][vc_column_inner width=\u00bb1\/4&#8243;][vc_single_image image=\u00bb12212&#8243; img_size=\u00bb360&#215;277&#8243; title=\u00bbFichas de cata\u00bb]<a class=\"sc-button \"  href=\"http:\/\/www.generaciontempore.com\/wp-content\/themes\/scalia-zaro-child\/es-docs\/GENERACION-Vino-Tinto-Ecologico-Fichas-de-Cata.zip\" target=\"_blank\" style=\"\">Descargar<\/a>[\/vc_column_inner][vc_column_inner width=\u00bb1\/4&#8243;][vc_raw_html]JTNDaDIlMjBjbGFzcyUzRCUyMndwYl9oZWFkaW5nJTIwd3BiX3NpbmdsZWltYWdlX2hlYWRpbmclMjIlM0VWaWRlbyUzQyUyRmgyJTNF[\/vc_raw_html]<div class=\"sc-youtube sc-wrapbox sc-wrapbox-style-default rounded-corners sc-wrapbox-position-below\" style=\"width: 100%;\"><div class=\"sc-wrapbox-inner sc-ratio-style\" style=\"padding-top: 75%\"><iframe loading=\"lazy\" class=\"sc-wrapbox-element img-responsive\" width=\"100%\" height=\"300\" frameborder=\"0\" scrolling=\"no\" marginheight=\"0\" marginwidth=\"0\" src=\"\/\/www.youtube.com\/embed\/Ij-V2kPyHmE?rel=0&amp;wmode=opaque\"><\/iframe><\/div><\/div>[vc_empty_space height=\u00bb1px\u00bb]<a class=\"sc-button \"  href=\"http:\/\/www.generaciontempore.com\/wp-content\/themes\/scalia-zaro-child\/es-docs\/GENERACION-Vino-Tinto-Ecologico-Tempore-Video.mpg\" target=\"_blank\" style=\"\">Descargar<\/a>[\/vc_column_inner][vc_column_inner width=\u00bb1\/4&#8243;][\/vc_column_inner][\/vc_row_inner][\/vc_column][\/vc_row]<\/p>\n","protected":false},"excerpt":{"rendered":"<p>[vc_row][vc_column][vc_custom_heading text=\u00bbMarketing y Prensa\u00bb font_container=\u00bbtag:h1|font_size:36|text_align:center|color:%23212120&#8243; use_theme_fonts=\u00bbyes\u00bb][\/vc_column][\/vc_row][vc_row el_class=\u00bbtrade-press\u00bb][vc_column][vc_row_inner][vc_column_inner width=\u00bb1\/4&#8243;][vc_single_image image=\u00bb12283&#8243; img_size=\u00bb400&#215;283&#8243; alignment=\u00bbcenter\u00bb onclick=\u00bbcustom_link\u00bb img_link_target=\u00bb_blank\u00bb title=\u00bbDossier GENERACI\u00d3N\u00bb el_class=\u00bbtrade-block\u00bb][\/vc_column_inner][vc_column_inner width=\u00bb1\/4&#8243;][vc_single_image image=\u00bb12156&#8243; img_size=\u00bb400&#215;283&#8243; alignment=\u00bbcenter\u00bb&#8230;<\/p>\n","protected":false},"author":1,"featured_media":0,"parent":0,"menu_order":0,"comment_status":"closed","ping_status":"closed","template":"","meta":{"footnotes":""},"yoast_head":"<!-- This site is optimized with the Yoast SEO plugin v23.1 - https:\/\/yoast.com\/wordpress\/plugins\/seo\/ -->\n<title>Marketing y Prensa - Vino Generaci\u00f3n - Bodegas Tempore<\/title>\n<meta name=\"description\" content=\"M\u00e1s informaci\u00f3n sobre c\u00f3mo hacemos cada vino, los datos t\u00e9cnicos, el dossier de GENERACI\u00d3N, Hoja de datos, Notas de Cata, Premios y V\u00eddeos.\" \/>\n<meta name=\"robots\" content=\"index, follow, max-snippet:-1, max-image-preview:large, max-video-preview:-1\" \/>\n<link rel=\"canonical\" href=\"https:\/\/www.generaciontempore.com\/es\/marketing-y-prensa\/\" \/>\n<meta property=\"og:locale\" content=\"es_ES\" \/>\n<meta property=\"og:type\" content=\"article\" \/>\n<meta property=\"og:title\" content=\"Marketing y Prensa - Vino Generaci\u00f3n - Bodegas Tempore\" \/>\n<meta property=\"og:description\" content=\"M\u00e1s informaci\u00f3n sobre c\u00f3mo hacemos cada vino, los datos t\u00e9cnicos, el dossier de GENERACI\u00d3N, Hoja de datos, Notas de Cata, Premios y V\u00eddeos.\" \/>\n<meta property=\"og:url\" content=\"https:\/\/www.generaciontempore.com\/es\/marketing-y-prensa\/\" \/>\n<meta property=\"og:site_name\" content=\"G.Tempore ES\" \/>\n<meta property=\"article:modified_time\" content=\"2017-03-21T13:14:12+00:00\" \/>\n<meta name=\"twitter:card\" content=\"summary_large_image\" \/>\n<meta name=\"twitter:label1\" content=\"Tiempo de lectura\" \/>\n\t<meta name=\"twitter:data1\" content=\"2 minutos\" \/>\n<script type=\"application\/ld+json\" class=\"yoast-schema-graph\">{\"@context\":\"https:\/\/schema.org\",\"@graph\":[{\"@type\":\"WebPage\",\"@id\":\"https:\/\/www.generaciontempore.com\/es\/marketing-y-prensa\/\",\"url\":\"https:\/\/www.generaciontempore.com\/es\/marketing-y-prensa\/\",\"name\":\"Marketing y Prensa - Vino Generaci\u00f3n - Bodegas Tempore\",\"isPartOf\":{\"@id\":\"https:\/\/www.generaciontempore.com\/es\/#website\"},\"datePublished\":\"2016-06-21T22:09:05+00:00\",\"dateModified\":\"2017-03-21T13:14:12+00:00\",\"description\":\"M\u00e1s informaci\u00f3n sobre c\u00f3mo hacemos cada vino, los datos t\u00e9cnicos, el dossier de GENERACI\u00d3N, Hoja de datos, Notas de Cata, Premios y V\u00eddeos.\",\"breadcrumb\":{\"@id\":\"https:\/\/www.generaciontempore.com\/es\/marketing-y-prensa\/#breadcrumb\"},\"inLanguage\":\"es\",\"potentialAction\":[{\"@type\":\"ReadAction\",\"target\":[\"https:\/\/www.generaciontempore.com\/es\/marketing-y-prensa\/\"]}]},{\"@type\":\"BreadcrumbList\",\"@id\":\"https:\/\/www.generaciontempore.com\/es\/marketing-y-prensa\/#breadcrumb\",\"itemListElement\":[{\"@type\":\"ListItem\",\"position\":1,\"name\":\"Portada\",\"item\":\"https:\/\/www.generaciontempore.com\/es\/\"},{\"@type\":\"ListItem\",\"position\":2,\"name\":\"Marketing y Prensa\"}]},{\"@type\":\"WebSite\",\"@id\":\"https:\/\/www.generaciontempore.com\/es\/#website\",\"url\":\"https:\/\/www.generaciontempore.com\/es\/\",\"name\":\"G.Tempore ES\",\"description\":\"G.Tempore ES\",\"potentialAction\":[{\"@type\":\"SearchAction\",\"target\":{\"@type\":\"EntryPoint\",\"urlTemplate\":\"https:\/\/www.generaciontempore.com\/es\/?s={search_term_string}\"},\"query-input\":\"required name=search_term_string\"}],\"inLanguage\":\"es\"}]}<\/script>\n<!-- \/ Yoast SEO plugin. -->","yoast_head_json":{"title":"Marketing y Prensa - Vino Generaci\u00f3n - Bodegas Tempore","description":"M\u00e1s informaci\u00f3n sobre c\u00f3mo hacemos cada vino, los datos t\u00e9cnicos, el dossier de GENERACI\u00d3N, Hoja de datos, Notas de Cata, Premios y V\u00eddeos.","robots":{"index":"index","follow":"follow","max-snippet":"max-snippet:-1","max-image-preview":"max-image-preview:large","max-video-preview":"max-video-preview:-1"},"canonical":"https:\/\/www.generaciontempore.com\/es\/marketing-y-prensa\/","og_locale":"es_ES","og_type":"article","og_title":"Marketing y Prensa - Vino Generaci\u00f3n - Bodegas Tempore","og_description":"M\u00e1s informaci\u00f3n sobre c\u00f3mo hacemos cada vino, los datos t\u00e9cnicos, el dossier de GENERACI\u00d3N, Hoja de datos, Notas de Cata, Premios y V\u00eddeos.","og_url":"https:\/\/www.generaciontempore.com\/es\/marketing-y-prensa\/","og_site_name":"G.Tempore ES","article_modified_time":"2017-03-21T13:14:12+00:00","twitter_card":"summary_large_image","twitter_misc":{"Tiempo de lectura":"2 minutos"},"schema":{"@context":"https:\/\/schema.org","@graph":[{"@type":"WebPage","@id":"https:\/\/www.generaciontempore.com\/es\/marketing-y-prensa\/","url":"https:\/\/www.generaciontempore.com\/es\/marketing-y-prensa\/","name":"Marketing y Prensa - Vino Generaci\u00f3n - Bodegas Tempore","isPartOf":{"@id":"https:\/\/www.generaciontempore.com\/es\/#website"},"datePublished":"2016-06-21T22:09:05+00:00","dateModified":"2017-03-21T13:14:12+00:00","description":"M\u00e1s informaci\u00f3n sobre c\u00f3mo hacemos cada vino, los datos t\u00e9cnicos, el dossier de GENERACI\u00d3N, Hoja de datos, Notas de Cata, Premios y V\u00eddeos.","breadcrumb":{"@id":"https:\/\/www.generaciontempore.com\/es\/marketing-y-prensa\/#breadcrumb"},"inLanguage":"es","potentialAction":[{"@type":"ReadAction","target":["https:\/\/www.generaciontempore.com\/es\/marketing-y-prensa\/"]}]},{"@type":"BreadcrumbList","@id":"https:\/\/www.generaciontempore.com\/es\/marketing-y-prensa\/#breadcrumb","itemListElement":[{"@type":"ListItem","position":1,"name":"Portada","item":"https:\/\/www.generaciontempore.com\/es\/"},{"@type":"ListItem","position":2,"name":"Marketing y Prensa"}]},{"@type":"WebSite","@id":"https:\/\/www.generaciontempore.com\/es\/#website","url":"https:\/\/www.generaciontempore.com\/es\/","name":"G.Tempore ES","description":"G.Tempore ES","potentialAction":[{"@type":"SearchAction","target":{"@type":"EntryPoint","urlTemplate":"https:\/\/www.generaciontempore.com\/es\/?s={search_term_string}"},"query-input":"required name=search_term_string"}],"inLanguage":"es"}]}},"_links":{"self":[{"href":"https:\/\/www.generaciontempore.com\/es\/wp-json\/wp\/v2\/pages\/11519"}],"collection":[{"href":"https:\/\/www.generaciontempore.com\/es\/wp-json\/wp\/v2\/pages"}],"about":[{"href":"https:\/\/www.generaciontempore.com\/es\/wp-json\/wp\/v2\/types\/page"}],"author":[{"embeddable":true,"href":"https:\/\/www.generaciontempore.com\/es\/wp-json\/wp\/v2\/users\/1"}],"replies":[{"embeddable":true,"href":"https:\/\/www.generaciontempore.com\/es\/wp-json\/wp\/v2\/comments?post=11519"}],"version-history":[{"count":29,"href":"https:\/\/www.generaciontempore.com\/es\/wp-json\/wp\/v2\/pages\/11519\/revisions"}],"predecessor-version":[{"id":12333,"href":"https:\/\/www.generaciontempore.com\/es\/wp-json\/wp\/v2\/pages\/11519\/revisions\/12333"}],"wp:attachment":[{"href":"https:\/\/www.generaciontempore.com\/es\/wp-json\/wp\/v2\/media?parent=11519"}],"curies":[{"name":"wp","href":"https:\/\/api.w.org\/{rel}","templated":true}]}}