{"id":12225,"date":"2016-07-29T06:49:57","date_gmt":"2016-07-29T06:49:57","guid":{"rendered":"http:\/\/www.generaciontempore.com\/es\/?page_id=12225"},"modified":"2023-06-27T09:28:22","modified_gmt":"2023-06-27T09:28:22","slug":"vino-ecologico-garnacha-generacion-20","status":"publish","type":"page","link":"https:\/\/www.generaciontempore.com\/es\/vino-ecologico-garnacha-generacion-20\/","title":{"rendered":"GENERACI\u00d3N 20 \/ GARNACHA"},"content":{"rendered":"<p>[vc_row el_class=\u00bbwine-page\u00bb][vc_column width=\u00bb1\/4&#8243;][vc_raw_js]JTA5JTA5JTNDc2NyaXB0JTIwdHlwZSUzRCUyMnRleHQlMkZqYXZhc2NyaXB0JTIyJTIwc3JjJTNEJTIyaHR0cHMlM0ElMkYlMkZ3d3cuZ2VuZXJhY2lvbnRlbXBvcmUuY29tJTJGd3AtY29udGVudCUyRnRoZW1lcyUyRnNjYWxpYS16YXJvLWNoaWxkJTJGanMlMkYyMCUyRm9iamVjdDJ2cl9wbGF5ZXIuanMlMjIlM0UlMEElMDklMDklM0MlMkZzY3JpcHQlM0UlMEElMDklMDklM0NzY3JpcHQlMjB0eXBlJTNEJTIydGV4dCUyRmphdmFzY3JpcHQlMjIlMjBzcmMlM0QlMjJodHRwcyUzQSUyRiUyRnd3dy5nZW5lcmFjaW9udGVtcG9yZS5jb20lMkZ3cC1jb250ZW50JTJGdGhlbWVzJTJGc2NhbGlhLXphcm8tY2hpbGQlMkZqcyUyRjIwJTJGc2tpbi5qcyUyMiUzRSUwQSUwOSUwOSUzQyUyRnNjcmlwdCUzRSUwQSUwOSUwOSUzQ2RpdiUyMGlkJTNEJTIyY29udGFpbmVyJTIyJTIwc3R5bGUlM0QlMjJ3aWR0aCUzQTI1MHB4JTNCaGVpZ2h0JTNBNTAwcHglM0JtYXJnaW4tdG9wJTNBJTIwMjBweCUzQiUyMiUzRSUwQSUwOSUwOVRoaXMlMjBjb250ZW50JTIwcmVxdWlyZXMlMjBIVE1MNSUyMCUyNmFtcCUzQiUyMEphdmFzY3JpcHQlMjBvciUyMEFkb2JlJTIwRmxhc2glMjBQbGF5ZXIlMjBWZXJzaW9uJTIwOSUyMG9yJTIwaGlnaGVyLiUwQSUwOSUwOSUzQyUyRmRpdiUzRSUwQSUwOSUwOSUzQ3NjcmlwdCUyMHR5cGUlM0QlMjJ0ZXh0JTJGamF2YXNjcmlwdCUyMiUzRSUwQSUwOSUwQSUwOSUwOSUwOSUyRiUyRiUyMGNyZWF0ZSUyMHRoZSUyMG9iamVjdCUyMHBsYXllciUyMHdpdGglMjB0aGUlMjBjb250YWluZXIlMEElMDklMDklMDlvYmolM0RuZXclMjBvYmplY3QydnJQbGF5ZXIlMjglMjJjb250YWluZXIlMjIlMjklM0IlMEElMDklMDklMDklMkYlMkYlMjBhZGQlMjB0aGUlMjBza2luJTIwb2JqZWN0JTBBJTA5JTA5JTA5c2tpbiUzRG5ldyUyMG9iamVjdDJ2clNraW4lMjhvYmolMjklM0IlMEElMDklMDklMDklMkYlMkYlMjBsb2FkJTIwdGhlJTIwY29uZmlndXJhdGlvbiUwQSUwOSUwOSUwOXN0ciUzRCUyNyUzQyUzRnhtbCUyMHZlcnNpb24lM0QlMjIxLjAlMjIlMjBlbmNvZGluZyUzRCUyMlVURi04JTIyJTNGJTNFJTI3JTNCJTBBJTA5JTA5JTA5JTA5c3RyJTJCJTNEJTI3JTNDdnJvYmplY3QlM0UlMjclM0IlMEElMDklMDklMDklMDlzdHIlMkIlM0QlMjclMjAlMjAlM0NpbnB1dCUyMHN0YXRlcyUzRCUyMjElMjIlMjB3aW5kb3doZWlnaHQlM0QlMjI1OTglMjIlMjB3aWR0aCUzRCUyMjUyNiUyMiUyMGltYWdlcGF0aCUzRCUyMmh0dHBzJTNBJTJGJTJGd3d3LmdlbmVyYWNpb250ZW1wb3JlLmNvbSUyRndwLWNvbnRlbnQlMkZ0aGVtZXMlMkZzY2FsaWEtemFyby1jaGlsZCUyRmltYWdlcyUyRmJvdHRsZXMlMkYyMCUyMiUyMHByZXZpZXclM0QlMjI0JTIyJTIwd2luZG93d2lkdGglM0QlMjIyNjMlMjIlMjBoZWlnaHQlM0QlMjIxMTk2JTIyJTIwcHJlbG9hZCUzRCUyMjElMjIlMjBjb2x1bW5zJTNEJTIyMjQlMjIlMjByb3dzJTNEJTIyMSUyMiUyMGZpbGVleHRlbnNpb24lM0QlMjJqcGclMjIlMkYlM0UlMjclM0IlMEElMDklMDklMDklMDlzdHIlMkIlM0QlMjclMjAlMjAlM0Njb250cm9sJTIwc2ltdWxhdGVtYXNzJTNEJTIyMSUyMiUyMGxvY2tlZG1vdXNlJTNEJTIyMCUyMiUyMHN3YXB4eSUzRCUyMjAlMjIlMjBsb2NrZWRrZXlib2FyZCUzRCUyMjAlMjIlMjBkYmxjbGlja2Z1bGxzY3JlZW4lM0QlMjIxJTIyJTIwcmV2eCUzRCUyMjAlMjIlMjBpbnZlcnR3aGVlbCUzRCUyMjAlMjIlMjByZXZ5JTNEJTIyMCUyMiUyMHdyYXB4JTNEJTIyMSUyMiUyMHdyYXB5JTNEJTIyMCUyMiUyMHRyYXB3aGVlbCUzRCUyMjElMjIlMjBhdXRvbW92ZW1vZGUlM0QlMjIxJTIyJTIwbG9ja2Vkd2hlZWwlM0QlMjIwJTIyJTIwc3BlZWR3aGVlbCUzRCUyMjEuMDAwJTIyJTIwY29udHJvbGxlciUzRCUyMjElMjIlMjBzZW5zaXRpdml0eSUzRCUyMjEwJTIyJTJGJTNFJTI3JTNCJTBBJTA5JTA5JTA5JTA5c3RyJTJCJTNEJTI3JTIwJTIwJTNDdmlldyUzRSUyNyUzQiUwQSUwOSUwOSUwOSUwOXN0ciUyQiUzRCUyNyUyMCUyMCUyMCUyMCUzQ3N0YXJ0JTIwcm93JTNEJTIyMCUyMiUyMGNvbHVtbiUzRCUyMjAlMjIlMjBzdGF0ZSUzRCUyMjAlMjIlMkYlM0UlMjclM0IlMEElMDklMDklMDklMDlzdHIlMkIlM0QlMjclMjAlMjAlMjAlMjAlM0N6b29tJTIwZGVmYXVsdCUzRCUyMjEuMDAwJTIyJTIwY2VudGVyeCUzRCUyMjAuMDAwMDAlMjIlMjBjZW50ZXJ5JTNEJTIyMC4wMDAwMCUyMiUyMG1pbiUzRCUyMjElMjIlMjBtYXglM0QlMjIyLjAwMCUyMiUyRiUzRSUyNyUzQiUwQSUwOSUwOSUwOSUwOXN0ciUyQiUzRCUyNyUyMCUyMCUyMCUyMCUzQ3ZpZXdlciUyMGltYWdlc2NhbGluZyUzRCUyMjElMjIlMjBiYWNrZ3JvdW5kY29sb3IlM0QlMjIweGZmZmZmZiUyMiUyMGJhY2tncm91bmQlM0QlMjIwJTIyJTJGJTNFJTI3JTNCJTBBJTA5JTA5JTA5JTA5c3RyJTJCJTNEJTI3JTIwJTIwJTNDJTJGdmlldyUzRSUyNyUzQiUwQSUwOSUwOSUwOSUwOXN0ciUyQiUzRCUyNyUyMCUyMCUzQ2F1dG9yb3RhdGUlMjBzcGVlZCUzRCUyMjAuMTIwJTIyJTIwZGVsYXklM0QlMjIyLjAwJTIyJTIwc3RhcnQlM0QlMjIwJTIyJTJGJTNFJTI3JTNCJTBBJTA5JTA5JTA5JTA5c3RyJTJCJTNEJTI3JTIwJTIwJTNDdXNlcmRhdGElMjB0aXRsZSUzRCUyMiUyMiUyMGRhdGV0aW1lJTNEJTIyMjAxNSUyMiUyMGRlc2NyaXB0aW9uJTNEJTIyR2VuZXJhY2lvbiUyMDczJTIwR2FybmFjaGElMjIlMjBjb3B5cmlnaHQlM0QlMjJURU1QT1JFJTIyJTIwYXV0aG9yJTNEJTIyJTIyJTIwc291cmNlJTNEJTIyJTIyJTIwY29tbWVudCUzRCUyMiUyMiUyMGluZm8lM0QlMjIlMjIlMkYlM0UlMjclM0IlMEElMDklMDklMDklMDlzdHIlMkIlM0QlMjclMjAlMjAlM0NxdGhvdHNwb3RzJTIwZW5hYmxlZCUzRCUyMjAlMjIlMjByZXVzZSUzRCUyMjglMjIlM0UlMjclM0IlMEElMDklMDklMDklMDlzdHIlMkIlM0QlMjclMjAlMjAlMjAlMjAlM0NsYWJlbCUyMHdpZHRoJTNEJTIyMTgwJTIyJTIwYmFja2dyb3VuZGFscGhhJTNEJTIyMS4wMDAlMjIlMjBlbmFibGVkJTNEJTIyMSUyMiUyMGhlaWdodCUzRCUyMjIwJTIyJTIwYmFja2dyb3VuZGNvbG9yJTNEJTIyMHhmZmZmZmYlMjIlMjBib3JkZXJjb2xvciUzRCUyMjB4MDAwMDAwJTIyJTIwYm9yZGVyJTNEJTIyMSUyMiUyMHRleHRjb2xvciUzRCUyMjB4MDAwMDAwJTIyJTIwYmFja2dyb3VuZCUzRCUyMjElMjIlMjBib3JkZXJhbHBoYSUzRCUyMjEuMDAwJTIyJTIwYm9yZGVycmFkaXVzJTNEJTIyMSUyMiUyMHdvcmR3cmFwJTNEJTIyMSUyMiUyMHRleHRhbHBoYSUzRCUyMjEuMDAwJTIyJTJGJTNFJTI3JTNCJTBBJTA5JTA5JTA5JTA5c3RyJTJCJTNEJTI3JTIwJTIwJTNDJTJGcXRob3RzcG90cyUzRSUyNyUzQiUwQSUwOSUwOSUwOSUwOXN0ciUyQiUzRCUyNyUyMCUyMCUzQ2hvdHNwb3RzJTNFJTI3JTNCJTBBJTA5JTA5JTA5JTA5c3RyJTJCJTNEJTI3JTIwJTIwJTIwJTIwJTNDbGFiZWwlMjB3aWR0aCUzRCUyMjE4MCUyMiUyMGJhY2tncm91bmRhbHBoYSUzRCUyMjEuMDAwJTIyJTIwZW5hYmxlZCUzRCUyMjElMjIlMjBoZWlnaHQlM0QlMjIyMCUyMiUyMGJhY2tncm91bmRjb2xvciUzRCUyMjB4ZmZmZmZmJTIyJTIwYm9yZGVyY29sb3IlM0QlMjIweDAwMDAwMCUyMiUyMGJvcmRlciUzRCUyMjElMjIlMjB0ZXh0Y29sb3IlM0QlMjIweDAwMDAwMCUyMiUyMGJhY2tncm91bmQlM0QlMjIxJTIyJTIwYm9yZGVyYWxwaGElM0QlMjIxLjAwMCUyMiUyMGJvcmRlcnJhZGl1cyUzRCUyMjElMjIlMjB3b3Jkd3JhcCUzRCUyMjElMjIlMjB0ZXh0YWxwaGElM0QlMjIxLjAwMCUyMiUyRiUzRSUyNyUzQiUwQSUwOSUwOSUwOSUwOXN0ciUyQiUzRCUyNyUyMCUyMCUyMCUyMCUzQ3BvbHlzdHlsZSUyMG1vZGUlM0QlMjIwJTIyJTIwYmFja2dyb3VuZGFscGhhJTNEJTIyMC4yNTElMjIlMjBiYWNrZ3JvdW5kY29sb3IlM0QlMjIweDAwMDBmZiUyMiUyMGJvcmRlcmNvbG9yJTNEJTIyMHgwMDAwZmYlMjIlMjBib3JkZXJhbHBoYSUzRCUyMjEuMDAwJTIyJTJGJTNFJTI3JTNCJTBBJTA5JTA5JTA5JTA5c3RyJTJCJTNEJTI3JTIwJTIwJTNDJTJGaG90c3BvdHMlM0UlMjclM0IlMEElMDklMDklMDklMDlzdHIlMkIlM0QlMjclM0MlMkZ2cm9iamVjdCUzRSUyNyUzQiUwQSUwOSUwOSUwOSUwOXN0ciUyQiUzRCUyNyUyNyUzQiUwQSUwOSUwOSUwOW9iai5yZWFkQ29uZmlnU3RyaW5nJTI4c3RyJTI5JTNCJTBBJTA5JTA5JTA5JTJGJTJGJTIwaGlkZSUyMHRoZSUyMFVSTCUyMGJhciUyMG9uJTIwdGhlJTIwaVBob25lJTBBJTA5JTA5JTA5JTJGJTJBc2V0VGltZW91dCUyOGZ1bmN0aW9uJTI4JTI5JTIwJTdCJTIwaGlkZVVybEJhciUyOCUyOSUzQiUyMCU3RCUyQyUyMDEwJTI5JTNCJTJBJTJGJTBBJTA5JTA5JTNDJTJGc2NyaXB0JTNFJTBBJTA5JTA5JTNDbm9zY3JpcHQlM0UlMEElMDklMDklMDklM0NwJTNFJTNDYiUzRVBsZWFzZSUyMGVuYWJsZSUyMEphdmFzY3JpcHQlMjElM0MlMkZiJTNFJTNDJTJGcCUzRSUwQSUwOSUwOSUzQyUyRm5vc2NyaXB0JTNF[\/vc_raw_js][\/vc_column][vc_column width=\u00bb3\/4&#8243;][vc_row_inner el_class=\u00bbtitle-arrow\u00bb][vc_column_inner width=\u00bb2\/3&#8243;][vc_column_text el_class=\u00bbwine-title\u00bb]<\/p>\n<h1><strong>GENERACI\u00d3N 20<\/strong> \/\u00a0GARNACHA<\/h1>\n<p>[\/vc_column_text][\/vc_column_inner][vc_column_inner width=\u00bb1\/3&#8243;][vc_raw_html]JTNDZGl2JTIwY2xhc3MlM0QlMjJwYWdpbmF0ZSUyMiUzRSUwQSUzQ2ElMjBjbGFzcyUzRCUyMnRpdGxlLXByZXYlMjIlMjBocmVmJTNEJTIyaHR0cCUzQSUyRiUyRnd3dy5nZW5lcmFjaW9udGVtcG9yZS5jb20lMkZlcyUyRnZpbm8tZWNvbG9naWNvLWdhcm5hY2hhLXRlbXByYW5pbGxvLWdlbmVyYWNpb24tNDYlMkYlMjIlM0UlM0NzcGFuJTNFQW50ZXJpb3IlM0MlMkZzcGFuJTNFJTNDJTJGYSUzRSUwQSUzQ2ElMjBjbGFzcyUzRCUyMnRpdGxlLW5leHQlMjIlMjBocmVmJTNEJTIyaHR0cCUzQSUyRiUyRnd3dy5nZW5lcmFjaW9udGVtcG9yZS5jb20lMkZlcyUyRnZpbm8tZWNvbG9naWNvLXRlbXByYW5pbGxvLWdlbmVyYWNpb24tNzYlMkYlMjIlM0UlM0NzcGFuJTNFU2lndWllbnRlJTNDJTJGc3BhbiUzRSUzQyUyRmElM0UlMEElM0MlMkZkaXYlM0U=[\/vc_raw_html][\/vc_column_inner][\/vc_row_inner][vc_column_text el_class=\u00bbwine-title\u00bb]<em>Librar batallas y luchar por sobrevivir. Volver a empezar, con cicatrices en las manos y en el coraz\u00f3n. El origen de esta nueva GENERACI\u00d3N.<\/em>[\/vc_column_text][vc_column_text]<\/p>\n<p style=\"text-align: justify;\">Luchar, sobrevivir, volver a la tierra para renacer y comenzar de nuevo. Regresar al punto de partida para entenderlo todo y ver un recuerdo que se desdibuja entre mil batallas.<br \/>\nDescubrir que la vida te ha dado la oportunidad de resurgir. Cuando el vino cuenta historias tan intensas, nuestra vida cobra sentido.[\/vc_column_text][vc_row_inner el_class=\u00bbwine-features\u00bb][vc_column_inner width=\u00bb1\/2&#8243;][vc_column_text]<\/p>\n<h5 style=\"text-align: justify;\">VI\u00d1EDO<\/h5>\n<p style=\"text-align: justify;\">Vi\u00f1as viejas arraigadas al terreno, con ra\u00edces profundas que buscan el origen de la tierra. Casi un siglo sin faltar a su cita cada vendimia.<\/p>\n<h5 style=\"text-align: justify;\">VARIEDAD<\/h5>\n<p style=\"text-align: justify;\">100% Garnacha<\/p>\n<h5 style=\"text-align: justify;\">GRADO ALCOH\u00d3LICO<\/h5>\n<p style=\"text-align: justify;\">14,5%<\/p>\n<h5><\/h5>\n<p>[\/vc_column_text][\/vc_column_inner][vc_column_inner width=\u00bb1\/2&#8243;][vc_column_text]<\/p>\n<h5>VINO ECOL\u00d3GICO<\/h5>\n<p>Vendimia manual, levaduras aut\u00f3ctonas, m\u00ednima intervenci\u00f3n y tiempo. Tiempo para reposar en barricas de roble franc\u00e9s, tiempo para crear un vino que es el alma de la bodega.<\/p>\n<h5>ZONA VIN\u00cdCOLA<\/h5>\n<p>IGP Bajo Arag\u00f3n &#8211; Espa\u00f1a<\/p>\n<h5>PREMIOS<\/h5>\n<p>Oro en el Concurso Garnachas del Mundo 2022 (Francia)<br \/>\nOro en el Concurso International Organic Wine Award 2021 (Alemania)<br \/>\nOro en el Concurso Berliner Wein Trophy 2020 (Alemania)[\/vc_column_text][\/vc_column_inner][\/vc_row_inner][vc_row_inner el_class=\u00bbwine-award\u00bb][vc_column_inner el_class=\u00bbwine-award-full\u00bb width=\u00bb4\/12&#8243;][\/vc_column_inner][vc_column_inner width=\u00bb1\/12&#8243;][\/vc_column_inner][vc_column_inner width=\u00bb1\/12&#8243;][\/vc_column_inner][\/vc_row_inner][\/vc_column][\/vc_row][vc_row full_width=\u00bbstretch_row_content\u00bb el_class=\u00bbwine-quote-bg\u00bb][vc_column][vc_row_inner el_class=\u00bbwine-quote20&#8243;][vc_column_inner width=\u00bb1\/4&#8243;][\/vc_column_inner][vc_column_inner width=\u00bb1\/2&#8243;][vc_column_text]<em>Librar batallas y luchar por sobrevivir. Volver a empezar, con cicatrices en las manos y en el coraz\u00f3n. El origen de esta nueva GENERACI\u00d3N.<\/em>[\/vc_column_text][\/vc_column_inner][vc_column_inner width=\u00bb1\/4&#8243;][\/vc_column_inner][\/vc_row_inner][\/vc_column][\/vc_row][vc_row][vc_column][vc_column_text][\/vc_column_text][\/vc_column][\/vc_row]<\/p>\n","protected":false},"excerpt":{"rendered":"<p>[vc_row el_class=\u00bbwine-page\u00bb][vc_column width=\u00bb1\/4&#8243;][vc_raw_js]JTA5JTA5JTNDc2NyaXB0JTIwdHlwZSUzRCUyMnRleHQlMkZqYXZhc2NyaXB0JTIyJTIwc3JjJTNEJTIyaHR0cHMlM0ElMkYlMkZ3d3cuZ2VuZXJhY2lvbnRlbXBvcmUuY29tJTJGd3AtY29udGVudCUyRnRoZW1lcyUyRnNjYWxpYS16YXJvLWNoaWxkJTJGanMlMkYyMCUyRm9iamVjdDJ2cl9wbGF5ZXIuanMlMjIlM0UlMEElMDklMDklM0MlMkZzY3JpcHQlM0UlMEElMDklMDklM0NzY3JpcHQlMjB0eXBlJTNEJTIydGV4dCUyRmphdmFzY3JpcHQlMjIlMjBzcmMlM0QlMjJodHRwcyUzQSUyRiUyRnd3dy5nZW5lcmFjaW9udGVtcG9yZS5jb20lMkZ3cC1jb250ZW50JTJGdGhlbWVzJTJGc2NhbGlhLXphcm8tY2hpbGQlMkZqcyUyRjIwJTJGc2tpbi5qcyUyMiUzRSUwQSUwOSUwOSUzQyUyRnNjcmlwdCUzRSUwQSUwOSUwOSUzQ2RpdiUyMGlkJTNEJTIyY29udGFpbmVyJTIyJTIwc3R5bGUlM0QlMjJ3aWR0aCUzQTI1MHB4JTNCaGVpZ2h0JTNBNTAwcHglM0JtYXJnaW4tdG9wJTNBJTIwMjBweCUzQiUyMiUzRSUwQSUwOSUwOVRoaXMlMjBjb250ZW50JTIwcmVxdWlyZXMlMjBIVE1MNSUyMCUyNmFtcCUzQiUyMEphdmFzY3JpcHQlMjBvciUyMEFkb2JlJTIwRmxhc2glMjBQbGF5ZXIlMjBWZXJzaW9uJTIwOSUyMG9yJTIwaGlnaGVyLiUwQSUwOSUwOSUzQyUyRmRpdiUzRSUwQSUwOSUwOSUzQ3NjcmlwdCUyMHR5cGUlM0QlMjJ0ZXh0JTJGamF2YXNjcmlwdCUyMiUzRSUwQSUwOSUwQSUwOSUwOSUwOSUyRiUyRiUyMGNyZWF0ZSUyMHRoZSUyMG9iamVjdCUyMHBsYXllciUyMHdpdGglMjB0aGUlMjBjb250YWluZXIlMEElMDklMDklMDlvYmolM0RuZXclMjBvYmplY3QydnJQbGF5ZXIlMjglMjJjb250YWluZXIlMjIlMjklM0IlMEElMDklMDklMDklMkYlMkYlMjBhZGQlMjB0aGUlMjBza2luJTIwb2JqZWN0JTBBJTA5JTA5JTA5c2tpbiUzRG5ldyUyMG9iamVjdDJ2clNraW4lMjhvYmolMjklM0IlMEElMDklMDklMDklMkYlMkYlMjBsb2FkJTIwdGhlJTIwY29uZmlndXJhdGlvbiUwQSUwOSUwOSUwOXN0ciUzRCUyNyUzQyUzRnhtbCUyMHZlcnNpb24lM0QlMjIxLjAlMjIlMjBlbmNvZGluZyUzRCUyMlVURi04JTIyJTNGJTNFJTI3JTNCJTBBJTA5JTA5JTA5JTA5c3RyJTJCJTNEJTI3JTNDdnJvYmplY3QlM0UlMjclM0IlMEElMDklMDklMDklMDlzdHIlMkIlM0QlMjclMjAlMjAlM0NpbnB1dCUyMHN0YXRlcyUzRCUyMjElMjIlMjB3aW5kb3doZWlnaHQlM0QlMjI1OTglMjIlMjB3aWR0aCUzRCUyMjUyNiUyMiUyMGltYWdlcGF0aCUzRCUyMmh0dHBzJTNBJTJGJTJGd3d3LmdlbmVyYWNpb250ZW1wb3JlLmNvbSUyRndwLWNvbnRlbnQlMkZ0aGVtZXMlMkZzY2FsaWEtemFyby1jaGlsZCUyRmltYWdlcyUyRmJvdHRsZXMlMkYyMCUyMiUyMHByZXZpZXclM0QlMjI0JTIyJTIwd2luZG93d2lkdGglM0QlMjIyNjMlMjIlMjBoZWlnaHQlM0QlMjIxMTk2JTIyJTIwcHJlbG9hZCUzRCUyMjElMjIlMjBjb2x1bW5zJTNEJTIyMjQlMjIlMjByb3dzJTNEJTIyMSUyMiUyMGZpbGVleHRlbnNpb24lM0QlMjJqcGclMjIlMkYlM0UlMjclM0IlMEElMDklMDklMDklMDlzdHIlMkIlM0QlMjclMjAlMjAlM0Njb250cm9sJTIwc2ltdWxhdGVtYXNzJTNEJTIyMSUyMiUyMGxvY2tlZG1vdXNlJTNEJTIyMCUyMiUyMHN3YXB4eSUzRCUyMjAlMjIlMjBsb2NrZWRrZXlib2FyZCUzRCUyMjAlMjIlMjBkYmxjbGlja2Z1bGxzY3JlZW4lM0QlMjIxJTIyJTIwcmV2eCUzRCUyMjAlMjIlMjBpbnZlcnR3aGVlbCUzRCUyMjAlMjIlMjByZXZ5JTNEJTIyMCUyMiUyMHdyYXB4JTNEJTIyMSUyMiUyMHdyYXB5JTNEJTIyMCUyMiUyMHRyYXB3aGVlbCUzRCUyMjElMjIlMjBhdXRvbW92ZW1vZGUlM0QlMjIxJTIyJTIwbG9ja2Vkd2hlZWwlM0QlMjIwJTIyJTIwc3BlZWR3aGVlbCUzRCUyMjEuMDAwJTIyJTIwY29udHJvbGxlciUzRCUyMjElMjIlMjBzZW5zaXRpdml0eSUzRCUyMjEwJTIyJTJGJTNFJTI3JTNCJTBBJTA5JTA5JTA5JTA5c3RyJTJCJTNEJTI3JTIwJTIwJTNDdmlldyUzRSUyNyUzQiUwQSUwOSUwOSUwOSUwOXN0ciUyQiUzRCUyNyUyMCUyMCUyMCUyMCUzQ3N0YXJ0JTIwcm93JTNEJTIyMCUyMiUyMGNvbHVtbiUzRCUyMjAlMjIlMjBzdGF0ZSUzRCUyMjAlMjIlMkYlM0UlMjclM0IlMEElMDklMDklMDklMDlzdHIlMkIlM0QlMjclMjAlMjAlMjAlMjAlM0N6b29tJTIwZGVmYXVsdCUzRCUyMjEuMDAwJTIyJTIwY2VudGVyeCUzRCUyMjAuMDAwMDAlMjIlMjBjZW50ZXJ5JTNEJTIyMC4wMDAwMCUyMiUyMG1pbiUzRCUyMjElMjIlMjBtYXglM0QlMjIyLjAwMCUyMiUyRiUzRSUyNyUzQiUwQSUwOSUwOSUwOSUwOXN0ciUyQiUzRCUyNyUyMCUyMCUyMCUyMCUzQ3ZpZXdlciUyMGltYWdlc2NhbGluZyUzRCUyMjElMjIlMjBiYWNrZ3JvdW5kY29sb3IlM0QlMjIweGZmZmZmZiUyMiUyMGJhY2tncm91bmQlM0QlMjIwJTIyJTJGJTNFJTI3JTNCJTBBJTA5JTA5JTA5JTA5c3RyJTJCJTNEJTI3JTIwJTIwJTNDJTJGdmlldyUzRSUyNyUzQiUwQSUwOSUwOSUwOSUwOXN0ciUyQiUzRCUyNyUyMCUyMCUzQ2F1dG9yb3RhdGUlMjBzcGVlZCUzRCUyMjAuMTIwJTIyJTIwZGVsYXklM0QlMjIyLjAwJTIyJTIwc3RhcnQlM0QlMjIwJTIyJTJGJTNFJTI3JTNCJTBBJTA5JTA5JTA5JTA5c3RyJTJCJTNEJTI3JTIwJTIwJTNDdXNlcmRhdGElMjB0aXRsZSUzRCUyMiUyMiUyMGRhdGV0aW1lJTNEJTIyMjAxNSUyMiUyMGRlc2NyaXB0aW9uJTNEJTIyR2VuZXJhY2lvbiUyMDczJTIwR2FybmFjaGElMjIlMjBjb3B5cmlnaHQlM0QlMjJURU1QT1JFJTIyJTIwYXV0aG9yJTNEJTIyJTIyJTIwc291cmNlJTNEJTIyJTIyJTIwY29tbWVudCUzRCUyMiUyMiUyMGluZm8lM0QlMjIlMjIlMkYlM0UlMjclM0IlMEElMDklMDklMDklMDlzdHIlMkIlM0QlMjclMjAlMjAlM0NxdGhvdHNwb3RzJTIwZW5hYmxlZCUzRCUyMjAlMjIlMjByZXVzZSUzRCUyMjglMjIlM0UlMjclM0IlMEElMDklMDklMDklMDlzdHIlMkIlM0QlMjclMjAlMjAlMjAlMjAlM0NsYWJlbCUyMHdpZHRoJTNEJTIyMTgwJTIyJTIwYmFja2dyb3VuZGFscGhhJTNEJTIyMS4wMDAlMjIlMjBlbmFibGVkJTNEJTIyMSUyMiUyMGhlaWdodCUzRCUyMjIwJTIyJTIwYmFja2dyb3VuZGNvbG9yJTNEJTIyMHhmZmZmZmYlMjIlMjBib3JkZXJjb2xvciUzRCUyMjB4MDAwMDAwJTIyJTIwYm9yZGVyJTNEJTIyMSUyMiUyMHRleHRjb2xvciUzRCUyMjB4MDAwMDAwJTIyJTIwYmFja2dyb3VuZCUzRCUyMjElMjIlMjBib3JkZXJhbHBoYSUzRCUyMjEuMDAwJTIyJTIwYm9yZGVycmFkaXVzJTNEJTIyMSUyMiUyMHdvcmR3cmFwJTNEJTIyMSUyMiUyMHRleHRhbHBoYSUzRCUyMjEuMDAwJTIyJTJGJTNFJTI3JTNCJTBBJTA5JTA5JTA5JTA5c3RyJTJCJTNEJTI3JTIwJTIwJTNDJTJGcXRob3RzcG90cyUzRSUyNyUzQiUwQSUwOSUwOSUwOSUwOXN0ciUyQiUzRCUyNyUyMCUyMCUzQ2hvdHNwb3RzJTNFJTI3JTNCJTBBJTA5JTA5JTA5JTA5c3RyJTJCJTNEJTI3JTIwJTIwJTIwJTIwJTNDbGFiZWwlMjB3aWR0aCUzRCUyMjE4MCUyMiUyMGJhY2tncm91bmRhbHBoYSUzRCUyMjEuMDAwJTIyJTIwZW5hYmxlZCUzRCUyMjElMjIlMjBoZWlnaHQlM0QlMjIyMCUyMiUyMGJhY2tncm91bmRjb2xvciUzRCUyMjB4ZmZmZmZmJTIyJTIwYm9yZGVyY29sb3IlM0QlMjIweDAwMDAwMCUyMiUyMGJvcmRlciUzRCUyMjElMjIlMjB0ZXh0Y29sb3IlM0QlMjIweDAwMDAwMCUyMiUyMGJhY2tncm91bmQlM0QlMjIxJTIyJTIwYm9yZGVyYWxwaGElM0QlMjIxLjAwMCUyMiUyMGJvcmRlcnJhZGl1cyUzRCUyMjElMjIlMjB3b3Jkd3JhcCUzRCUyMjElMjIlMjB0ZXh0YWxwaGElM0QlMjIxLjAwMCUyMiUyRiUzRSUyNyUzQiUwQSUwOSUwOSUwOSUwOXN0ciUyQiUzRCUyNyUyMCUyMCUyMCUyMCUzQ3BvbHlzdHlsZSUyMG1vZGUlM0QlMjIwJTIyJTIwYmFja2dyb3VuZGFscGhhJTNEJTIyMC4yNTElMjIlMjBiYWNrZ3JvdW5kY29sb3IlM0QlMjIweDAwMDBmZiUyMiUyMGJvcmRlcmNvbG9yJTNEJTIyMHgwMDAwZmYlMjIlMjBib3JkZXJhbHBoYSUzRCUyMjEuMDAwJTIyJTJGJTNFJTI3JTNCJTBBJTA5JTA5JTA5JTA5c3RyJTJCJTNEJTI3JTIwJTIwJTNDJTJGaG90c3BvdHMlM0UlMjclM0IlMEElMDklMDklMDklMDlzdHIlMkIlM0QlMjclM0MlMkZ2cm9iamVjdCUzRSUyNyUzQiUwQSUwOSUwOSUwOSUwOXN0ciUyQiUzRCUyNyUyNyUzQiUwQSUwOSUwOSUwOW9iai5yZWFkQ29uZmlnU3RyaW5nJTI4c3RyJTI5JTNCJTBBJTA5JTA5JTA5JTJGJTJGJTIwaGlkZSUyMHRoZSUyMFVSTCUyMGJhciUyMG9uJTIwdGhlJTIwaVBob25lJTBBJTA5JTA5JTA5JTJGJTJBc2V0VGltZW91dCUyOGZ1bmN0aW9uJTI4JTI5JTIwJTdCJTIwaGlkZVVybEJhciUyOCUyOSUzQiUyMCU3RCUyQyUyMDEwJTI5JTNCJTJBJTJGJTBBJTA5JTA5JTNDJTJGc2NyaXB0JTNFJTBBJTA5JTA5JTNDbm9zY3JpcHQlM0UlMEElMDklMDklMDklM0NwJTNFJTNDYiUzRVBsZWFzZSUyMGVuYWJsZSUyMEphdmFzY3JpcHQlMjElM0MlMkZiJTNFJTNDJTJGcCUzRSUwQSUwOSUwOSUzQyUyRm5vc2NyaXB0JTNF[\/vc_raw_js][\/vc_column][vc_column width=\u00bb3\/4&#8243;][vc_row_inner el_class=\u00bbtitle-arrow\u00bb][vc_column_inner width=\u00bb2\/3&#8243;][vc_column_text el_class=\u00bbwine-title\u00bb] GENERACI\u00d3N 20 \/\u00a0GARNACHA [\/vc_column_text][\/vc_column_inner][vc_column_inner width=\u00bb1\/3&#8243;][vc_raw_html]JTNDZGl2JTIwY2xhc3MlM0QlMjJwYWdpbmF0ZSUyMiUzRSUwQSUzQ2ElMjBjbGFzcyUzRCUyMnRpdGxlLXByZXYlMjIlMjBocmVmJTNEJTIyaHR0cCUzQSUyRiUyRnd3dy5nZW5lcmFjaW9udGVtcG9yZS5jb20lMkZlcyUyRnZpbm8tZWNvbG9naWNvLWdhcm5hY2hhLXRlbXByYW5pbGxvLWdlbmVyYWNpb24tNDYlMkYlMjIlM0UlM0NzcGFuJTNFQW50ZXJpb3IlM0MlMkZzcGFuJTNFJTNDJTJGYSUzRSUwQSUzQ2ElMjBjbGFzcyUzRCUyMnRpdGxlLW5leHQlMjIlMjBocmVmJTNEJTIyaHR0cCUzQSUyRiUyRnd3dy5nZW5lcmFjaW9udGVtcG9yZS5jb20lMkZlcyUyRnZpbm8tZWNvbG9naWNvLXRlbXByYW5pbGxvLWdlbmVyYWNpb24tNzYlMkYlMjIlM0UlM0NzcGFuJTNFU2lndWllbnRlJTNDJTJGc3BhbiUzRSUzQyUyRmElM0UlMEElM0MlMkZkaXYlM0U=[\/vc_raw_html][\/vc_column_inner][\/vc_row_inner][vc_column_text el_class=\u00bbwine-title\u00bb]Librar batallas y luchar por sobrevivir. Volver a&#8230;<\/p>\n","protected":false},"author":1,"featured_media":0,"parent":0,"menu_order":0,"comment_status":"closed","ping_status":"closed","template":"","meta":{"footnotes":""},"yoast_head":"<!-- This site is optimized with the Yoast SEO plugin v23.1 - https:\/\/yoast.com\/wordpress\/plugins\/seo\/ -->\n<title>Vino Tinto Ecol\u00f3gico Generaci\u00f3n 20 Garnacha. Bodegas Tempore<\/title>\n<meta name=\"description\" content=\"Descubre un vino garnacha ecol\u00f3gico diferente, Generaci\u00f3n 20, creado por Bodegas Tempore. Experimenta nuestra revoluci\u00f3n del mundo del vino.\" \/>\n<meta name=\"robots\" content=\"index, follow, max-snippet:-1, max-image-preview:large, max-video-preview:-1\" \/>\n<link rel=\"canonical\" href=\"https:\/\/www.generaciontempore.com\/es\/vino-ecologico-garnacha-generacion-20\/\" \/>\n<meta property=\"og:locale\" content=\"es_ES\" \/>\n<meta property=\"og:type\" content=\"article\" \/>\n<meta property=\"og:title\" content=\"Vino Tinto Ecol\u00f3gico Generaci\u00f3n 20 Garnacha. Bodegas Tempore\" \/>\n<meta property=\"og:description\" content=\"Descubre un vino garnacha ecol\u00f3gico diferente, Generaci\u00f3n 20, creado por Bodegas Tempore. Experimenta nuestra revoluci\u00f3n del mundo del vino.\" \/>\n<meta property=\"og:url\" content=\"https:\/\/www.generaciontempore.com\/es\/vino-ecologico-garnacha-generacion-20\/\" \/>\n<meta property=\"og:site_name\" content=\"G.Tempore ES\" \/>\n<meta property=\"article:modified_time\" content=\"2023-06-27T09:28:22+00:00\" \/>\n<meta name=\"twitter:card\" content=\"summary_large_image\" \/>\n<meta name=\"twitter:label1\" content=\"Tiempo de lectura\" \/>\n\t<meta name=\"twitter:data1\" content=\"4 minutos\" \/>\n<script type=\"application\/ld+json\" class=\"yoast-schema-graph\">{\"@context\":\"https:\/\/schema.org\",\"@graph\":[{\"@type\":\"WebPage\",\"@id\":\"https:\/\/www.generaciontempore.com\/es\/vino-ecologico-garnacha-generacion-20\/\",\"url\":\"https:\/\/www.generaciontempore.com\/es\/vino-ecologico-garnacha-generacion-20\/\",\"name\":\"Vino Tinto Ecol\u00f3gico Generaci\u00f3n 20 Garnacha. Bodegas Tempore\",\"isPartOf\":{\"@id\":\"https:\/\/www.generaciontempore.com\/es\/#website\"},\"datePublished\":\"2016-07-29T06:49:57+00:00\",\"dateModified\":\"2023-06-27T09:28:22+00:00\",\"description\":\"Descubre un vino garnacha ecol\u00f3gico diferente, Generaci\u00f3n 20, creado por Bodegas Tempore. Experimenta nuestra revoluci\u00f3n del mundo del vino.\",\"breadcrumb\":{\"@id\":\"https:\/\/www.generaciontempore.com\/es\/vino-ecologico-garnacha-generacion-20\/#breadcrumb\"},\"inLanguage\":\"es\",\"potentialAction\":[{\"@type\":\"ReadAction\",\"target\":[\"https:\/\/www.generaciontempore.com\/es\/vino-ecologico-garnacha-generacion-20\/\"]}]},{\"@type\":\"BreadcrumbList\",\"@id\":\"https:\/\/www.generaciontempore.com\/es\/vino-ecologico-garnacha-generacion-20\/#breadcrumb\",\"itemListElement\":[{\"@type\":\"ListItem\",\"position\":1,\"name\":\"Portada\",\"item\":\"https:\/\/www.generaciontempore.com\/es\/\"},{\"@type\":\"ListItem\",\"position\":2,\"name\":\"GENERACI\u00d3N 20 \/ GARNACHA\"}]},{\"@type\":\"WebSite\",\"@id\":\"https:\/\/www.generaciontempore.com\/es\/#website\",\"url\":\"https:\/\/www.generaciontempore.com\/es\/\",\"name\":\"G.Tempore ES\",\"description\":\"G.Tempore ES\",\"potentialAction\":[{\"@type\":\"SearchAction\",\"target\":{\"@type\":\"EntryPoint\",\"urlTemplate\":\"https:\/\/www.generaciontempore.com\/es\/?s={search_term_string}\"},\"query-input\":\"required name=search_term_string\"}],\"inLanguage\":\"es\"}]}<\/script>\n<!-- \/ Yoast SEO plugin. -->","yoast_head_json":{"title":"Vino Tinto Ecol\u00f3gico Generaci\u00f3n 20 Garnacha. Bodegas Tempore","description":"Descubre un vino garnacha ecol\u00f3gico diferente, Generaci\u00f3n 20, creado por Bodegas Tempore. Experimenta nuestra revoluci\u00f3n del mundo del vino.","robots":{"index":"index","follow":"follow","max-snippet":"max-snippet:-1","max-image-preview":"max-image-preview:large","max-video-preview":"max-video-preview:-1"},"canonical":"https:\/\/www.generaciontempore.com\/es\/vino-ecologico-garnacha-generacion-20\/","og_locale":"es_ES","og_type":"article","og_title":"Vino Tinto Ecol\u00f3gico Generaci\u00f3n 20 Garnacha. Bodegas Tempore","og_description":"Descubre un vino garnacha ecol\u00f3gico diferente, Generaci\u00f3n 20, creado por Bodegas Tempore. Experimenta nuestra revoluci\u00f3n del mundo del vino.","og_url":"https:\/\/www.generaciontempore.com\/es\/vino-ecologico-garnacha-generacion-20\/","og_site_name":"G.Tempore ES","article_modified_time":"2023-06-27T09:28:22+00:00","twitter_card":"summary_large_image","twitter_misc":{"Tiempo de lectura":"4 minutos"},"schema":{"@context":"https:\/\/schema.org","@graph":[{"@type":"WebPage","@id":"https:\/\/www.generaciontempore.com\/es\/vino-ecologico-garnacha-generacion-20\/","url":"https:\/\/www.generaciontempore.com\/es\/vino-ecologico-garnacha-generacion-20\/","name":"Vino Tinto Ecol\u00f3gico Generaci\u00f3n 20 Garnacha. Bodegas Tempore","isPartOf":{"@id":"https:\/\/www.generaciontempore.com\/es\/#website"},"datePublished":"2016-07-29T06:49:57+00:00","dateModified":"2023-06-27T09:28:22+00:00","description":"Descubre un vino garnacha ecol\u00f3gico diferente, Generaci\u00f3n 20, creado por Bodegas Tempore. Experimenta nuestra revoluci\u00f3n del mundo del vino.","breadcrumb":{"@id":"https:\/\/www.generaciontempore.com\/es\/vino-ecologico-garnacha-generacion-20\/#breadcrumb"},"inLanguage":"es","potentialAction":[{"@type":"ReadAction","target":["https:\/\/www.generaciontempore.com\/es\/vino-ecologico-garnacha-generacion-20\/"]}]},{"@type":"BreadcrumbList","@id":"https:\/\/www.generaciontempore.com\/es\/vino-ecologico-garnacha-generacion-20\/#breadcrumb","itemListElement":[{"@type":"ListItem","position":1,"name":"Portada","item":"https:\/\/www.generaciontempore.com\/es\/"},{"@type":"ListItem","position":2,"name":"GENERACI\u00d3N 20 \/ GARNACHA"}]},{"@type":"WebSite","@id":"https:\/\/www.generaciontempore.com\/es\/#website","url":"https:\/\/www.generaciontempore.com\/es\/","name":"G.Tempore ES","description":"G.Tempore ES","potentialAction":[{"@type":"SearchAction","target":{"@type":"EntryPoint","urlTemplate":"https:\/\/www.generaciontempore.com\/es\/?s={search_term_string}"},"query-input":"required name=search_term_string"}],"inLanguage":"es"}]}},"_links":{"self":[{"href":"https:\/\/www.generaciontempore.com\/es\/wp-json\/wp\/v2\/pages\/12225"}],"collection":[{"href":"https:\/\/www.generaciontempore.com\/es\/wp-json\/wp\/v2\/pages"}],"about":[{"href":"https:\/\/www.generaciontempore.com\/es\/wp-json\/wp\/v2\/types\/page"}],"author":[{"embeddable":true,"href":"https:\/\/www.generaciontempore.com\/es\/wp-json\/wp\/v2\/users\/1"}],"replies":[{"embeddable":true,"href":"https:\/\/www.generaciontempore.com\/es\/wp-json\/wp\/v2\/comments?post=12225"}],"version-history":[{"count":48,"href":"https:\/\/www.generaciontempore.com\/es\/wp-json\/wp\/v2\/pages\/12225\/revisions"}],"predecessor-version":[{"id":12565,"href":"https:\/\/www.generaciontempore.com\/es\/wp-json\/wp\/v2\/pages\/12225\/revisions\/12565"}],"wp:attachment":[{"href":"https:\/\/www.generaciontempore.com\/es\/wp-json\/wp\/v2\/media?parent=12225"}],"curies":[{"name":"wp","href":"https:\/\/api.w.org\/{rel}","templated":true}]}}